{"id":6293,"date":"2024-11-06T18:42:03","date_gmt":"2024-11-06T18:42:03","guid":{"rendered":"https:\/\/bira.digital\/?page_id=6293"},"modified":"2025-01-10T13:39:07","modified_gmt":"2025-01-10T13:39:07","slug":"pagamento-concluido","status":"publish","type":"page","link":"https:\/\/bira.digital\/en\/pagamento-concluido\/","title":{"rendered":"Pagamento Conclu\u00eddo com Sucesso"},"content":{"rendered":"<div data-elementor-type=\"wp-page\" data-elementor-id=\"6293\" class=\"elementor elementor-6293\" data-elementor-post-type=\"page\">\n\t\t\t\t<div class=\"elementor-element elementor-element-70c593ee e-flex e-con-boxed e-con e-parent\" data-id=\"70c593ee\" data-element_type=\"container\" data-e-type=\"container\">\n\t\t\t\t\t<div class=\"e-con-inner\">\n\t\t\t\t<div class=\"elementor-element elementor-element-264ded5 elementor-widget elementor-widget-heading\" data-id=\"264ded5\" data-element_type=\"widget\" data-e-type=\"widget\" data-widget_type=\"heading.default\">\n\t\t\t\t<div class=\"elementor-widget-container\">\n\t\t\t\t\t<h2 class=\"elementor-heading-title elementor-size-default\">Obrigado por escolher o bira.digital<\/h2>\t\t\t\t<\/div>\n\t\t\t\t<\/div>\n\t\t\t\t<div class=\"elementor-element elementor-element-b3c9143 elementor-align-center elementor-widget elementor-widget-button\" data-id=\"b3c9143\" data-element_type=\"widget\" data-e-type=\"widget\" data-widget_type=\"button.default\">\n\t\t\t\t<div class=\"elementor-widget-container\">\n\t\t\t\t\t\t\t\t\t<div class=\"elementor-button-wrapper\">\n\t\t\t\t\t<a class=\"elementor-button elementor-button-link elementor-size-sm\" href=\"https:\/\/wa.link\/2s9vep\">\n\t\t\t\t\t\t<span class=\"elementor-button-content-wrapper\">\n\t\t\t\t\t\t\t\t\t<span class=\"elementor-button-text\">Humanized Support<\/span>\n\t\t\t\t\t<\/span>\n\t\t\t\t\t<\/a>\n\t\t\t\t<\/div>\n\t\t\t\t\t\t\t\t<\/div>\n\t\t\t\t<\/div>\n\t\t\t\t<div class=\"elementor-element elementor-element-71394a6 elementor-widget elementor-widget-text-editor\" data-id=\"71394a6\" data-element_type=\"widget\" data-e-type=\"widget\" data-widget_type=\"text-editor.default\">\n\t\t\t\t<div class=\"elementor-widget-container\">\n\t\t\t\t\t\t\t\t\t<p><span style=\"color: #ffffff;\"><strong>\u00a0<\/strong><\/span><span style=\"color: #ffffff;\"><strong>Bem-vindo ao Bira.Digital! Vamos transformar suas ideias em resultados. \ud83d\ude80<\/strong><\/span><\/p>\n<p><span style=\"color: #ffffff;\"><strong>\u00a0<\/strong><\/span><\/p>\t\t\t\t\t\t\t\t<\/div>\n\t\t\t\t<\/div>\n\t\t\t\t<div class=\"elementor-element elementor-element-1ce4e521 elementor-widget elementor-widget-text-editor\" data-id=\"1ce4e521\" data-element_type=\"widget\" data-e-type=\"widget\" data-widget_type=\"text-editor.default\">\n\t\t\t\t<div class=\"elementor-widget-container\">\n\t\t\t\t\t\t\t\t\t<h3><span style=\"color: #ffffff;\"><\/span><\/h3>\n<p><span style=\"color: #ffffff; font-size: inherit; text-align: var(--text-align); font-family: var(--uicore-typography--p-f,'Inter'); font-style: var(--uicore-typography--p-st,'normal'); font-weight: var(--uicore-typography--p-w,'600'); letter-spacing: var(--uicore-typography--p-ls,'-0.027em'); text-transform: var(--uicore-typography--p-t,'none');\">Seu pedido foi processado com sucesso, e voc\u00ea est\u00e1 a um passo de aproveitar nossa intelig\u00eancia artificial exclusiva para suas demandas.<\/span><\/p>\n<p><span style=\"color: #ffffff;\"><\/span><\/p>\n<h3><span style=\"color: #ffffff;\"><strong>Pr\u00f3ximos Passos:<\/strong><\/span><\/h3>\n<p><span style=\"color: #ffffff;\"><\/span><\/p>\n<p><span style=\"color: #ffffff;\">1. <strong>Acesso Liberado<\/strong>: Em instantes, voc\u00ea receber\u00e1 um e-mail com as instru\u00e7\u00f5es de acesso ao seu pacote de mensagens e nele haver\u00e1 um c\u00f3digo. Use-o para se comunicar com o <a href=\"https:\/\/wa.link\/nr26zj\">whatsApp (011) <span style=\"text-align: var(--text-align);\">92010-5243<\/span><\/a><\/span><\/p>\n<p><span style=\"color: #ffffff;\"><\/span><\/p>\n<p><span style=\"color: #ffffff;\">2. <strong>Suporte Pronto para Voc\u00ea<\/strong>: Use seus cr\u00e9ditos para tirar d\u00favidas, obter insights de marketing e explorar novas ideias com a ajuda da nossa IA.<\/span><\/p>\n<p><span style=\"color: #ffffff;\"><\/span><\/p>\n<p><span style=\"color: #ffffff;\"><\/span><\/p>\t\t\t\t\t\t\t\t<\/div>\n\t\t\t\t<\/div>\n\t\t\t\t<div class=\"elementor-element elementor-element-ec67ffe elementor-widget-divider--view-line elementor-widget elementor-widget-divider\" data-id=\"ec67ffe\" data-element_type=\"widget\" data-e-type=\"widget\" data-widget_type=\"divider.default\">\n\t\t\t\t<div class=\"elementor-widget-container\">\n\t\t\t\t\t\t\t<div class=\"elementor-divider\">\n\t\t\t<span class=\"elementor-divider-separator\">\n\t\t\t\t\t\t<\/span>\n\t\t<\/div>\n\t\t\t\t\t\t<\/div>\n\t\t\t\t<\/div>\n\t\t\t\t<div class=\"elementor-element elementor-element-e153ddd elementor-align-center elementor-widget elementor-widget-button\" data-id=\"e153ddd\" data-element_type=\"widget\" data-e-type=\"widget\" data-widget_type=\"button.default\">\n\t\t\t\t<div class=\"elementor-widget-container\">\n\t\t\t\t\t\t\t\t\t<div class=\"elementor-button-wrapper\">\n\t\t\t\t\t<a class=\"elementor-button elementor-button-link elementor-size-sm\" href=\"https:\/\/wa.link\/2s9vep\">\n\t\t\t\t\t\t<span class=\"elementor-button-content-wrapper\">\n\t\t\t\t\t\t\t\t\t<span class=\"elementor-button-text\">Humanized Service<\/span>\n\t\t\t\t\t<\/span>\n\t\t\t\t\t<\/a>\n\t\t\t\t<\/div>\n\t\t\t\t\t\t\t\t<\/div>\n\t\t\t\t<\/div>\n\t\t\t\t<div class=\"elementor-element elementor-element-bcf0fdd elementor-widget elementor-widget-text-editor\" data-id=\"bcf0fdd\" data-element_type=\"widget\" data-e-type=\"widget\" data-widget_type=\"text-editor.default\">\n\t\t\t\t<div class=\"elementor-widget-container\">\n\t\t\t\t\t\t\t\t\t<h3 class=\"p1\"><strong><span style=\"color: #ffffff;\">Welcome to Bira.Digital! Let\u2019s turn your ideas into results. \ud83d\ude80<\/span><\/strong><\/h3>\n<p class=\"p1\"><span style=\"color: #ffffff;\">Your request has been successfully processed, and you\u2019re just one step away from leveraging our exclusive artificial intelligence for your needs.<\/span><\/p>\n<h3 class=\"p1\"><span style=\"color: #ffffff;\"><b>Next Steps:<\/b><\/span><\/h3>\n<p class=\"p3\"><span style=\"color: #ffffff;\">1.<b>Access Granted:<\/b> Shortly, you will receive an email with instructions to access your message package, including a code. Use this code to communicate via WhatsApp at <b>+55 11 92010-5243<\/b>.<\/span><\/p>\n<p class=\"p3\"><span style=\"color: #ffffff;\">2.<b>Support Ready for You:<\/b> Use your credits to ask questions, gain marketing insights, and explore new ideas with the help of our AI.<\/span><\/p>\t\t\t\t\t\t\t\t<\/div>\n\t\t\t\t<\/div>\n\t\t\t\t\t<\/div>\n\t\t\t\t<\/div>\n\t\t\t\t<\/div>","protected":false},"excerpt":{"rendered":"<p> [&hellip;]<\/p>","protected":false},"author":1,"featured_media":0,"parent":0,"menu_order":0,"comment_status":"closed","ping_status":"closed","template":"","meta":{"content-type":"","footnotes":""},"class_list":["post-6293","page","type-page","status-publish","hentry"],"yoast_head":"<!-- This site is optimized with the Yoast SEO Premium plugin v23.3 (Yoast SEO v27.5) - https:\/\/yoast.com\/product\/yoast-seo-premium-wordpress\/ -->\n<title>Consultoria em marketing digital com IA - Personalizada<\/title>\n<meta name=\"description\" content=\"O bira.digital \u00e9 uma consultoria em marketing digital no WhatsApp com IA, com um diferencial de especializa\u00e7\u00e3o nas habilidades da maior refer\u00eancia de marketing do nordeste, Ubirajara Carratu. Solucione d\u00favidas e otimize suas estrat\u00e9gias com o bira.digital. R\u00e1pido, seguro e acess\u00edvel!\" \/>\n<meta name=\"robots\" content=\"index, nofollow, max-snippet:-1, max-image-preview:large, max-video-preview:-1\" \/>\n<link rel=\"canonical\" href=\"https:\/\/bira.digital\/en\/pagamento-concluido\/\" \/>\n<meta property=\"og:locale\" content=\"en_US\" \/>\n<meta property=\"og:type\" content=\"article\" \/>\n<meta property=\"og:title\" content=\"bira.digital a sua IA de marketing no WhatsApp.\" \/>\n<meta property=\"og:description\" content=\"O bira.digital \u00e9 uma consultoria em marketing digital no WhatsApp com IA, com um diferencial de especializa\u00e7\u00e3o nas habilidades da maior refer\u00eancia de marketing do nordeste, Ubirajara Carratu. Solucione d\u00favidas e otimize suas estrat\u00e9gias com o bira.digital. R\u00e1pido, seguro e acess\u00edvel!\" \/>\n<meta property=\"og:url\" content=\"https:\/\/bira.digital\/en\/pagamento-concluido\/\" \/>\n<meta property=\"og:site_name\" content=\"Bira Digital\" \/>\n<meta property=\"article:modified_time\" content=\"2025-01-10T13:39:07+00:00\" \/>\n<meta property=\"og:image\" content=\"https:\/\/bira.digital\/wp-content\/uploads\/2024\/11\/botao.jpg\" \/>\n\t<meta property=\"og:image:width\" content=\"1200\" \/>\n\t<meta property=\"og:image:height\" content=\"675\" \/>\n\t<meta property=\"og:image:type\" content=\"image\/jpeg\" \/>\n<meta name=\"twitter:card\" content=\"summary_large_image\" \/>\n<meta name=\"twitter:label1\" content=\"Est. reading time\" \/>\n\t<meta name=\"twitter:data1\" content=\"2 minutes\" \/>\n<script type=\"application\/ld+json\" class=\"yoast-schema-graph\">{\"@context\":\"https:\\\/\\\/schema.org\",\"@graph\":[{\"@type\":\"WebPage\",\"@id\":\"https:\\\/\\\/bira.digital\\\/pagamento-concluido\\\/\",\"url\":\"https:\\\/\\\/bira.digital\\\/pagamento-concluido\\\/\",\"name\":\"Consultoria em marketing digital com IA - Personalizada\",\"isPartOf\":{\"@id\":\"https:\\\/\\\/bira.digital\\\/#website\"},\"datePublished\":\"2024-11-06T18:42:03+00:00\",\"dateModified\":\"2025-01-10T13:39:07+00:00\",\"description\":\"O bira.digital \u00e9 uma consultoria em marketing digital no WhatsApp com IA, com um diferencial de especializa\u00e7\u00e3o nas habilidades da maior refer\u00eancia de marketing do nordeste, Ubirajara Carratu. Solucione d\u00favidas e otimize suas estrat\u00e9gias com o bira.digital. R\u00e1pido, seguro e acess\u00edvel!\",\"breadcrumb\":{\"@id\":\"https:\\\/\\\/bira.digital\\\/pagamento-concluido\\\/#breadcrumb\"},\"inLanguage\":\"en-US\",\"potentialAction\":[{\"@type\":\"ReadAction\",\"target\":[\"https:\\\/\\\/bira.digital\\\/pagamento-concluido\\\/\"]}]},{\"@type\":\"BreadcrumbList\",\"@id\":\"https:\\\/\\\/bira.digital\\\/pagamento-concluido\\\/#breadcrumb\",\"itemListElement\":[{\"@type\":\"ListItem\",\"position\":1,\"name\":\"In\u00edcio\",\"item\":\"https:\\\/\\\/bira.digital\\\/\"},{\"@type\":\"ListItem\",\"position\":2,\"name\":\"Pagamento Conclu\u00eddo com Sucesso\"}]},{\"@type\":\"WebSite\",\"@id\":\"https:\\\/\\\/bira.digital\\\/#website\",\"url\":\"https:\\\/\\\/bira.digital\\\/\",\"name\":\"bira.digital\",\"description\":\"Analista de Marketing por IA, via WhatsApp, com a expertise de mais de 25 anos de Ubirajara Carratu, modelado diretamente a partir de seu conhecimento profissional.\",\"alternateName\":\"Agente de IA de Marketing\",\"potentialAction\":[{\"@type\":\"SearchAction\",\"target\":{\"@type\":\"EntryPoint\",\"urlTemplate\":\"https:\\\/\\\/bira.digital\\\/?s={search_term_string}\"},\"query-input\":{\"@type\":\"PropertyValueSpecification\",\"valueRequired\":true,\"valueName\":\"search_term_string\"}}],\"inLanguage\":\"en-US\"}]}<\/script>\n<!-- \/ Yoast SEO Premium plugin. -->","yoast_head_json":{"title":"Consultoria em marketing digital com IA - Personalizada","description":"O bira.digital \u00e9 uma consultoria em marketing digital no WhatsApp com IA, com um diferencial de especializa\u00e7\u00e3o nas habilidades da maior refer\u00eancia de marketing do nordeste, Ubirajara Carratu. Solucione d\u00favidas e otimize suas estrat\u00e9gias com o bira.digital. R\u00e1pido, seguro e acess\u00edvel!","robots":{"index":"index","follow":"nofollow","max-snippet":"max-snippet:-1","max-image-preview":"max-image-preview:large","max-video-preview":"max-video-preview:-1"},"canonical":"https:\/\/bira.digital\/en\/pagamento-concluido\/","og_locale":"en_US","og_type":"article","og_title":"bira.digital a sua IA de marketing no WhatsApp.","og_description":"O bira.digital \u00e9 uma consultoria em marketing digital no WhatsApp com IA, com um diferencial de especializa\u00e7\u00e3o nas habilidades da maior refer\u00eancia de marketing do nordeste, Ubirajara Carratu. Solucione d\u00favidas e otimize suas estrat\u00e9gias com o bira.digital. R\u00e1pido, seguro e acess\u00edvel!","og_url":"https:\/\/bira.digital\/en\/pagamento-concluido\/","og_site_name":"Bira Digital","article_modified_time":"2025-01-10T13:39:07+00:00","og_image":[{"width":1200,"height":675,"url":"https:\/\/bira.digital\/wp-content\/uploads\/2024\/11\/botao.jpg","type":"image\/jpeg"}],"twitter_card":"summary_large_image","twitter_misc":{"Est. reading time":"2 minutes"},"schema":{"@context":"https:\/\/schema.org","@graph":[{"@type":"WebPage","@id":"https:\/\/bira.digital\/pagamento-concluido\/","url":"https:\/\/bira.digital\/pagamento-concluido\/","name":"Consultoria em marketing digital com IA - Personalizada","isPartOf":{"@id":"https:\/\/bira.digital\/#website"},"datePublished":"2024-11-06T18:42:03+00:00","dateModified":"2025-01-10T13:39:07+00:00","description":"O bira.digital \u00e9 uma consultoria em marketing digital no WhatsApp com IA, com um diferencial de especializa\u00e7\u00e3o nas habilidades da maior refer\u00eancia de marketing do nordeste, Ubirajara Carratu. Solucione d\u00favidas e otimize suas estrat\u00e9gias com o bira.digital. R\u00e1pido, seguro e acess\u00edvel!","breadcrumb":{"@id":"https:\/\/bira.digital\/pagamento-concluido\/#breadcrumb"},"inLanguage":"en-US","potentialAction":[{"@type":"ReadAction","target":["https:\/\/bira.digital\/pagamento-concluido\/"]}]},{"@type":"BreadcrumbList","@id":"https:\/\/bira.digital\/pagamento-concluido\/#breadcrumb","itemListElement":[{"@type":"ListItem","position":1,"name":"In\u00edcio","item":"https:\/\/bira.digital\/"},{"@type":"ListItem","position":2,"name":"Pagamento Conclu\u00eddo com Sucesso"}]},{"@type":"WebSite","@id":"https:\/\/bira.digital\/#website","url":"https:\/\/bira.digital\/","name":"bira.digital","description":"Analista de Marketing por IA, via WhatsApp, com a expertise de mais de 25 anos de Ubirajara Carratu, modelado diretamente a partir de seu conhecimento profissional.","alternateName":"Agente de IA de Marketing","potentialAction":[{"@type":"SearchAction","target":{"@type":"EntryPoint","urlTemplate":"https:\/\/bira.digital\/?s={search_term_string}"},"query-input":{"@type":"PropertyValueSpecification","valueRequired":true,"valueName":"search_term_string"}}],"inLanguage":"en-US"}]}},"_links":{"self":[{"href":"https:\/\/bira.digital\/en\/wp-json\/wp\/v2\/pages\/6293","targetHints":{"allow":["GET"]}}],"collection":[{"href":"https:\/\/bira.digital\/en\/wp-json\/wp\/v2\/pages"}],"about":[{"href":"https:\/\/bira.digital\/en\/wp-json\/wp\/v2\/types\/page"}],"author":[{"embeddable":true,"href":"https:\/\/bira.digital\/en\/wp-json\/wp\/v2\/users\/1"}],"replies":[{"embeddable":true,"href":"https:\/\/bira.digital\/en\/wp-json\/wp\/v2\/comments?post=6293"}],"version-history":[{"count":15,"href":"https:\/\/bira.digital\/en\/wp-json\/wp\/v2\/pages\/6293\/revisions"}],"predecessor-version":[{"id":6528,"href":"https:\/\/bira.digital\/en\/wp-json\/wp\/v2\/pages\/6293\/revisions\/6528"}],"wp:attachment":[{"href":"https:\/\/bira.digital\/en\/wp-json\/wp\/v2\/media?parent=6293"}],"curies":[{"name":"wp","href":"https:\/\/api.w.org\/{rel}","templated":true}]}}